{"id":15344,"date":"2022-03-02T20:33:31","date_gmt":"2022-03-02T20:33:31","guid":{"rendered":"https:\/\/blackmoon.com.ar\/index.php\/product\/aros-luna-cadena-en-plata\/"},"modified":"2023-10-24T16:02:00","modified_gmt":"2023-10-24T16:02:00","slug":"arosfloesme","status":"publish","type":"product","link":"https:\/\/blackmoon.com.ar\/es\/producto\/arosfloesme\/","title":{"rendered":"Aros FLO Esmeraldas"},"content":{"rendered":"<p>Aros Flo en oro amarillo 18k con esmeraldas &amp; brillante.<\/p>\n<p>&nbsp;<\/p>\n<p><span style=\"font-weight: 400;\">Todas nuestras piezas incluyen:<\/span><\/p>\n<p><span style=\"font-weight: 400;\">* Certificado de originalidad donde se detallan las caracter\u00edsticas de la pieza.<\/span><\/p>\n<p><span style=\"font-weight: 400;\">* Garant\u00eda ante cualquier defecto que pueda tener.<\/span><\/p>\n<p><span style=\"font-weight: 400;\">\u00a0<\/span><\/p>\n<p><span style=\"font-weight: 400;\">Tiempo de producci\u00f3n:<\/span><\/p>\n<p><span style=\"font-weight: 400;\">* Todas nuestras piezas est\u00e1n hechas a pedido.<\/span><\/p>\n<p><span style=\"font-weight: 400;\">* Consultar d\u00edas de producci\u00f3n (no superan los 10 d\u00edas).<\/span><\/p>\n<p><span style=\"font-weight: 400;\">*stock inmediato.<\/span><\/p>\n<p><span style=\"font-weight: 400;\">\u00a0<\/span><\/p>\n<p><span style=\"font-weight: 400;\">DISE\u00d1OS HECHOS CON AMOR, ENCONTRANDO EL MEJOR EQUILIBRIO ENTRE PIEZAS DE JOYER\u00cdA DE PRIMERA CALIDAD Y PRECIO. TODAS LAS PIEZAS QUE ENCONTRAR\u00c1N SON REALIZADAS EN ORO 18K, CON PIEDRAS PRECIOSAS Y SEMIPRECIOSAS, \u00daNICAMENTE NATURALES.<\/span><\/p>\n<p><span style=\"font-weight: 400;\">TRABAJAMOS CON DIAMANTES CALIDAD: COLOR G-H, PUREZA: VS1; VS2.<\/span><\/p>\n<p><span style=\"font-weight: 400;\">TODAS NUESTRAS PIEZAS INCLUYEN; CERTIFICADO DE ORIGINALIDAD DONDE SE DETALLAN LAS CARACTER\u00cdSTICAS DE LA PIEZA y GARANTIA ANTE CUALQUIER DEFECTO QUE PUEDA TENER.\u00a0<\/span><\/p>\n<p><span style=\"font-weight: 400;\">LOS INVITAMOS A SER PARTE DE ESTE MARAVILLOSO MUNDO, SIN DUDA CADA PIEZA ES UNA OBRA QUE ATESORAR\u00c1N POR SIEMPRE.<\/span><\/p>\n<p style=\"text-align: right;\">BLACKMOON<\/p>\n<p>&nbsp;<\/p>\n<p><span style=\"font-weight: 400;\">\u00a0<\/span><\/p>\n<p><span style=\"font-weight: 400;\">* Llevar cristales puestos o simplemente tenerlos cerca de nosotros, puede potenciar nuestra energ\u00eda. Irradian alegr\u00eda y curaci\u00f3n mientras atrapan la luz..<\/span><\/p>\n<p>&nbsp;<\/p>\n<p><span style=\"font-weight: 400;\">\u00a0<\/span><i><span style=\"font-weight: 400;\">\u0308Tomen la forma que tomen, su estructura cristalina puede absorber, conservar, enfocar y emitir energ\u00eda \u0308.<\/span><\/i> <i><span style=\"font-weight: 400;\">Fuente: &#8220;La Biblia de los Cristales&#8221; Autora: Judy Hall.<\/span><\/i><\/p>\n<p><br style=\"font-weight: 400;\" \/><br style=\"font-weight: 400;\" \/><\/p>","protected":false},"excerpt":{"rendered":"<p>Aros Flo en oro amarillo 18k con esmeraldas &amp; brillante.<\/p>","protected":false},"featured_media":15831,"comment_status":"open","ping_status":"closed","template":"","meta":{"_monsterinsights_skip_tracking":false,"_monsterinsights_sitenote_active":false,"_monsterinsights_sitenote_note":"","_monsterinsights_sitenote_category":0,"spay_email":""},"product_cat":[31,79,58,80,35,104],"product_tag":[],"yoast_head":"<!-- This site is optimized with the Yoast SEO plugin v18.3 - https:\/\/yoast.com\/wordpress\/plugins\/seo\/ -->\n<title>Aros FLO Esmeraldas - Blackmoon<\/title>\n<meta name=\"description\" content=\"Aros Flo en oro amarillo 18k con esmeraldas &amp; brillante.\u00a0\" \/>\n<meta name=\"robots\" content=\"index, follow, max-snippet:-1, max-image-preview:large, max-video-preview:-1\" \/>\n<link rel=\"canonical\" href=\"https:\/\/blackmoon.com.ar\/es\/producto\/arosfloesme\/\" \/>\n<meta property=\"og:locale\" content=\"es_ES\" \/>\n<meta property=\"og:type\" content=\"article\" \/>\n<meta property=\"og:title\" content=\"Aros FLO Esmeraldas - Blackmoon\" \/>\n<meta property=\"og:description\" content=\"Aros Flo en oro amarillo 18k con esmeraldas &amp; brillante.\u00a0\" \/>\n<meta property=\"og:url\" content=\"https:\/\/blackmoon.com.ar\/es\/producto\/arosfloesme\/\" \/>\n<meta property=\"og:site_name\" content=\"Blackmoon\" \/>\n<meta property=\"article:modified_time\" content=\"2023-10-24T16:02:00+00:00\" \/>\n<meta property=\"og:image\" content=\"http:\/\/blackmoon.com.ar\/wp-content\/uploads\/2022\/03\/DSC_9954.jpg\" \/>\n\t<meta property=\"og:image:width\" content=\"1500\" \/>\n\t<meta property=\"og:image:height\" content=\"2101\" \/>\n\t<meta property=\"og:image:type\" content=\"image\/jpeg\" \/>\n<meta name=\"twitter:card\" content=\"summary_large_image\" \/>\n<meta name=\"twitter:label1\" content=\"Tiempo de lectura\" \/>\n\t<meta name=\"twitter:data1\" content=\"1 minuto\" \/>\n<script type=\"application\/ld+json\" class=\"yoast-schema-graph\">{\"@context\":\"https:\/\/schema.org\",\"@graph\":[{\"@type\":\"WebSite\",\"@id\":\"https:\/\/blackmoon.com.ar\/#website\",\"url\":\"https:\/\/blackmoon.com.ar\/\",\"name\":\"Blackmoon\",\"description\":\"Design with love\",\"potentialAction\":[{\"@type\":\"SearchAction\",\"target\":{\"@type\":\"EntryPoint\",\"urlTemplate\":\"https:\/\/blackmoon.com.ar\/?s={search_term_string}\"},\"query-input\":\"required name=search_term_string\"}],\"inLanguage\":\"es-AR\"},{\"@type\":\"ImageObject\",\"@id\":\"https:\/\/blackmoon.com.ar\/producto\/arosfloesme\/#primaryimage\",\"inLanguage\":\"es-AR\",\"url\":\"https:\/\/blackmoon.com.ar\/wp-content\/uploads\/2022\/03\/DSC_9954.jpg\",\"contentUrl\":\"https:\/\/blackmoon.com.ar\/wp-content\/uploads\/2022\/03\/DSC_9954.jpg\",\"width\":1500,\"height\":2101},{\"@type\":\"WebPage\",\"@id\":\"https:\/\/blackmoon.com.ar\/producto\/arosfloesme\/#webpage\",\"url\":\"https:\/\/blackmoon.com.ar\/producto\/arosfloesme\/\",\"name\":\"Aros FLO Esmeraldas - Blackmoon\",\"isPartOf\":{\"@id\":\"https:\/\/blackmoon.com.ar\/#website\"},\"primaryImageOfPage\":{\"@id\":\"https:\/\/blackmoon.com.ar\/producto\/arosfloesme\/#primaryimage\"},\"datePublished\":\"2022-03-02T20:33:31+00:00\",\"dateModified\":\"2023-10-24T16:02:00+00:00\",\"description\":\"Aros Flo en oro amarillo 18k con esmeraldas & brillante.\u00a0\",\"breadcrumb\":{\"@id\":\"https:\/\/blackmoon.com.ar\/producto\/arosfloesme\/#breadcrumb\"},\"inLanguage\":\"es-AR\",\"potentialAction\":[{\"@type\":\"ReadAction\",\"target\":[\"https:\/\/blackmoon.com.ar\/producto\/arosfloesme\/\"]}]},{\"@type\":\"BreadcrumbList\",\"@id\":\"https:\/\/blackmoon.com.ar\/producto\/arosfloesme\/#breadcrumb\",\"itemListElement\":[{\"@type\":\"ListItem\",\"position\":1,\"name\":\"Home\",\"item\":\"https:\/\/blackmoon.com.ar\/\"},{\"@type\":\"ListItem\",\"position\":2,\"name\":\"Shop\",\"item\":\"https:\/\/blackmoon.com.ar\/shop\/\"},{\"@type\":\"ListItem\",\"position\":3,\"name\":\"Aros FLO Esmeraldas\"}]}]}<\/script>\n<!-- \/ Yoast SEO plugin. -->","yoast_head_json":{"title":"Aros FLO Esmeraldas - Blackmoon","description":"Aros Flo en oro amarillo 18k con esmeraldas & brillante.\u00a0","robots":{"index":"index","follow":"follow","max-snippet":"max-snippet:-1","max-image-preview":"max-image-preview:large","max-video-preview":"max-video-preview:-1"},"canonical":"https:\/\/blackmoon.com.ar\/es\/producto\/arosfloesme\/","og_locale":"es_ES","og_type":"article","og_title":"Aros FLO Esmeraldas - Blackmoon","og_description":"Aros Flo en oro amarillo 18k con esmeraldas & brillante.\u00a0","og_url":"https:\/\/blackmoon.com.ar\/es\/producto\/arosfloesme\/","og_site_name":"Blackmoon","article_modified_time":"2023-10-24T16:02:00+00:00","og_image":[{"width":1500,"height":2101,"url":"http:\/\/blackmoon.com.ar\/wp-content\/uploads\/2022\/03\/DSC_9954.jpg","type":"image\/jpeg"}],"twitter_card":"summary_large_image","twitter_misc":{"Tiempo de lectura":"1 minuto"},"schema":{"@context":"https:\/\/schema.org","@graph":[{"@type":"WebSite","@id":"https:\/\/blackmoon.com.ar\/#website","url":"https:\/\/blackmoon.com.ar\/","name":"Blackmoon","description":"Design with love","potentialAction":[{"@type":"SearchAction","target":{"@type":"EntryPoint","urlTemplate":"https:\/\/blackmoon.com.ar\/?s={search_term_string}"},"query-input":"required name=search_term_string"}],"inLanguage":"es-AR"},{"@type":"ImageObject","@id":"https:\/\/blackmoon.com.ar\/producto\/arosfloesme\/#primaryimage","inLanguage":"es-AR","url":"https:\/\/blackmoon.com.ar\/wp-content\/uploads\/2022\/03\/DSC_9954.jpg","contentUrl":"https:\/\/blackmoon.com.ar\/wp-content\/uploads\/2022\/03\/DSC_9954.jpg","width":1500,"height":2101},{"@type":"WebPage","@id":"https:\/\/blackmoon.com.ar\/producto\/arosfloesme\/#webpage","url":"https:\/\/blackmoon.com.ar\/producto\/arosfloesme\/","name":"Aros FLO Esmeraldas - Blackmoon","isPartOf":{"@id":"https:\/\/blackmoon.com.ar\/#website"},"primaryImageOfPage":{"@id":"https:\/\/blackmoon.com.ar\/producto\/arosfloesme\/#primaryimage"},"datePublished":"2022-03-02T20:33:31+00:00","dateModified":"2023-10-24T16:02:00+00:00","description":"Aros Flo en oro amarillo 18k con esmeraldas & brillante.\u00a0","breadcrumb":{"@id":"https:\/\/blackmoon.com.ar\/producto\/arosfloesme\/#breadcrumb"},"inLanguage":"es-AR","potentialAction":[{"@type":"ReadAction","target":["https:\/\/blackmoon.com.ar\/producto\/arosfloesme\/"]}]},{"@type":"BreadcrumbList","@id":"https:\/\/blackmoon.com.ar\/producto\/arosfloesme\/#breadcrumb","itemListElement":[{"@type":"ListItem","position":1,"name":"Home","item":"https:\/\/blackmoon.com.ar\/"},{"@type":"ListItem","position":2,"name":"Shop","item":"https:\/\/blackmoon.com.ar\/shop\/"},{"@type":"ListItem","position":3,"name":"Aros FLO Esmeraldas"}]}]}},"_links":{"self":[{"href":"https:\/\/blackmoon.com.ar\/es\/wp-json\/wp\/v2\/product\/15344"}],"collection":[{"href":"https:\/\/blackmoon.com.ar\/es\/wp-json\/wp\/v2\/product"}],"about":[{"href":"https:\/\/blackmoon.com.ar\/es\/wp-json\/wp\/v2\/types\/product"}],"replies":[{"embeddable":true,"href":"https:\/\/blackmoon.com.ar\/es\/wp-json\/wp\/v2\/comments?post=15344"}],"wp:featuredmedia":[{"embeddable":true,"href":"https:\/\/blackmoon.com.ar\/es\/wp-json\/wp\/v2\/media\/15831"}],"wp:attachment":[{"href":"https:\/\/blackmoon.com.ar\/es\/wp-json\/wp\/v2\/media?parent=15344"}],"wp:term":[{"taxonomy":"product_cat","embeddable":true,"href":"https:\/\/blackmoon.com.ar\/es\/wp-json\/wp\/v2\/product_cat?post=15344"},{"taxonomy":"product_tag","embeddable":true,"href":"https:\/\/blackmoon.com.ar\/es\/wp-json\/wp\/v2\/product_tag?post=15344"}],"curies":[{"name":"wp","href":"https:\/\/api.w.org\/{rel}","templated":true}]}}